{"id":1376,"date":"2022-03-11T15:45:30","date_gmt":"2022-03-11T14:45:30","guid":{"rendered":"https:\/\/philippelimoge.com\/bio\/"},"modified":"2023-11-15T22:46:29","modified_gmt":"2023-11-15T21:46:29","slug":"bio","status":"publish","type":"page","link":"https:\/\/philippelimoge.com\/en\/bio\/","title":{"rendered":"Bio"},"content":{"rendered":"<p>[vc_row section_background_color=&#8221;#161619&#8243; use_container=&#8221;yes&#8221;][vc_column width=&#8221;1\/3&#8243;][vc_single_image image=&#8221;586&#8243; img_size=&#8221;large&#8221; onclick=&#8221;link_image&#8221;][\/vc_column][vc_column width=&#8221;2\/3&#8243;][ts_text_content_block content_color=&#8221;yes&#8221;]<strong>Philippe Limoge <\/strong>studied music at the Conservatoire National Sup\u00e9rieur de Musique de Paris and played drums in jazz bands. His numerous encounters have led him to travel through contemporary music (P. Boulez, P. e\u00f6tv\u00f6s&#8230;), jazz (F. Tortiller, A. Emler, K. Chemirani&#8230;) and chamber music (Les s\u0153urs Lab\u00e8que, M. Becquet&#8230;.). He won the Gaudeamus Competition (Holland) and 2nd Prize at the Clermont-Ferrand International Vibraphone Competition.[\/ts_text_content_block][\/vc_column][\/vc_row][vc_row section_background_color=&#8221;#222327&#8243; motts_theme_padding=&#8221;no&#8221; use_container=&#8221;yes&#8221; css=&#8221;.vc_custom_1647942137621{padding-bottom: 50px !important;}&#8221;][vc_column width=&#8221;1\/6&#8243;][\/vc_column][vc_column width=&#8221;2\/3&#8243; css=&#8221;.vc_custom_1647941970417{margin-top: -60px !important;}&#8221;][vc_video link=&#8221;https:\/\/youtu.be\/m7hy_lhHTJA&#8221; align=&#8221;center&#8221;][\/vc_column][vc_column width=&#8221;1\/6&#8243;][\/vc_column][\/vc_row][vc_row section_background_color=&#8221;#161619&#8243; use_container=&#8221;yes&#8221;][vc_column width=&#8221;2\/3&#8243;][ts_text_content_block content_color=&#8221;yes&#8221;]In 2004, he founded Percuduo with Damien Petitjean. His concerts and masterclasses have led him to perform in France (Festival Radio France, Aujourd&#8217;hui musique, Perkumania, Festival d&#8217;Avignon, Flaneries de Reims, Cuivres en f\u00eate, etc.) and abroad (Japan, Canada, Venezuela, Brazil, England, Holland, Luxembourg, etc.). He is the author of works published by Billaudot. His discography includes a dozen CDs ranging from solo to large ensemble.[\/ts_text_content_block][\/vc_column][vc_column width=&#8221;1\/3&#8243;][vc_single_image image=&#8221;793&#8243; img_size=&#8221;large&#8221; onclick=&#8221;link_image&#8221;][\/vc_column][\/vc_row][vc_row section_background_color=&#8221;#222327&#8243; motts_theme_padding=&#8221;no&#8221; use_container=&#8221;yes&#8221; css=&#8221;.vc_custom_1647942216607{padding-top: 60px !important;padding-bottom: 60px !important;}&#8221;][vc_column][ts_text_content_block content_color=&#8221;yes&#8221;]<\/p>\n<p style=\"text-align: center;\">Philippe Limoge is an artist endorsed by SABIAN, YAMAHA, and LACROIX STICKS.<\/p>\n<p>[\/ts_text_content_block][vc_empty_space height=&#8221;60px&#8221;][vc_row_inner equal_height=&#8221;yes&#8221; content_placement=&#8221;middle&#8221;][vc_column_inner el_class=&#8221;text-right&#8221; width=&#8221;1\/3&#8243; offset=&#8221;vc_hidden-sm vc_hidden-xs&#8221;][ts_image fancybox=&#8221;yes&#8221; animate_block=&#8221;yes&#8221; link_target=&#8221;new tab&#8221; image=&#8221;1043&#8243; link_url=&#8221;https:\/\/sabian.com\/artist\/philippe-limoge\/&#8221;][\/vc_column_inner][vc_column_inner el_class=&#8221;text-center&#8221; width=&#8221;1\/3&#8243; offset=&#8221;vc_hidden-sm vc_hidden-xs&#8221;][ts_image link_target=&#8221;new tab&#8221; image=&#8221;423&#8243;][\/vc_column_inner][vc_column_inner el_class=&#8221;text-left&#8221; width=&#8221;1\/3&#8243; offset=&#8221;vc_hidden-sm vc_hidden-xs&#8221;][ts_image fancybox=&#8221;yes&#8221; link_target=&#8221;new tab&#8221; image=&#8221;422&#8243; link_url=&#8221;http:\/\/www.baguettes-didier-lacroix.fr\/fra\/philippe-limoge\/&#8221;][\/vc_column_inner][\/vc_row_inner][vc_row_inner equal_height=&#8221;yes&#8221; content_placement=&#8221;middle&#8221;][vc_column_inner el_class=&#8221;text-center&#8221; offset=&#8221;vc_hidden-lg vc_hidden-md&#8221; css=&#8221;.vc_custom_1648455526164{padding-right: 100px !important;padding-bottom: 50px !important;padding-left: 100px !important;}&#8221;][ts_image fancybox=&#8221;yes&#8221; animate_block=&#8221;yes&#8221; link_target=&#8221;new tab&#8221; image=&#8221;1043&#8243; link_url=&#8221;https:\/\/sabian.com\/artist\/philippe-limoge\/&#8221;][\/vc_column_inner][vc_column_inner el_class=&#8221;text-center&#8221; offset=&#8221;vc_hidden-lg vc_hidden-md&#8221; css=&#8221;.vc_custom_1648455537090{padding-right: 100px !important;padding-bottom: 50px !important;padding-left: 100px !important;}&#8221;][ts_image link_target=&#8221;new tab&#8221; image=&#8221;423&#8243;][\/vc_column_inner][vc_column_inner el_class=&#8221;text-center&#8221; offset=&#8221;vc_hidden-lg vc_hidden-md&#8221; css=&#8221;.vc_custom_1648455545217{padding-right: 100px !important;padding-bottom: 50px !important;padding-left: 100px !important;}&#8221;][ts_image fancybox=&#8221;yes&#8221; link_target=&#8221;new tab&#8221; image=&#8221;422&#8243; link_url=&#8221;http:\/\/www.baguettes-didier-lacroix.fr\/fra\/philippe-limoge\/&#8221;][\/vc_column_inner][\/vc_row_inner][\/vc_column][\/vc_row]<\/p>\n","protected":false},"excerpt":{"rendered":"<p>[vc_row section_background_color=&#8221;#161619&#8243; use_container=&#8221;yes&#8221;][vc_column width=&#8221;1\/3&#8243;][vc_single_image image=&#8221;586&#8243; img_size=&#8221;large&#8221; onclick=&#8221;link_image&#8221;][\/vc_column][vc_column width=&#8221;2\/3&#8243;][ts_text_content_block content_color=&#8221;yes&#8221;]Philippe Limoge studied music at the Conservatoire National Sup\u00e9rieur de Musique de Paris and played drums in jazz bands. His numerous encounters have led him to travel through contemporary music (P. Boulez, P. e\u00f6tv\u00f6s&#8230;), jazz (F. Tortiller, A. Emler, K. Chemirani&#8230;) and chamber music (Les s\u0153urs Lab\u00e8que, [&hellip;]<\/p>\n","protected":false},"author":1,"featured_media":1210,"parent":0,"menu_order":0,"comment_status":"closed","ping_status":"closed","template":"page-builder.php","meta":{"footnotes":""},"class_list":["post-1376","page","type-page","status-publish","has-post-thumbnail","hentry"],"_links":{"self":[{"href":"https:\/\/philippelimoge.com\/en\/wp-json\/wp\/v2\/pages\/1376","targetHints":{"allow":["GET"]}}],"collection":[{"href":"https:\/\/philippelimoge.com\/en\/wp-json\/wp\/v2\/pages"}],"about":[{"href":"https:\/\/philippelimoge.com\/en\/wp-json\/wp\/v2\/types\/page"}],"author":[{"embeddable":true,"href":"https:\/\/philippelimoge.com\/en\/wp-json\/wp\/v2\/users\/1"}],"replies":[{"embeddable":true,"href":"https:\/\/philippelimoge.com\/en\/wp-json\/wp\/v2\/comments?post=1376"}],"version-history":[{"count":2,"href":"https:\/\/philippelimoge.com\/en\/wp-json\/wp\/v2\/pages\/1376\/revisions"}],"predecessor-version":[{"id":1576,"href":"https:\/\/philippelimoge.com\/en\/wp-json\/wp\/v2\/pages\/1376\/revisions\/1576"}],"wp:featuredmedia":[{"embeddable":true,"href":"https:\/\/philippelimoge.com\/en\/wp-json\/wp\/v2\/media\/1210"}],"wp:attachment":[{"href":"https:\/\/philippelimoge.com\/en\/wp-json\/wp\/v2\/media?parent=1376"}],"curies":[{"name":"wp","href":"https:\/\/api.w.org\/{rel}","templated":true}]}}